{"id":22,"date":"2024-01-31T10:19:13","date_gmt":"2024-01-31T09:19:13","guid":{"rendered":"https:\/\/www.abbe-gerin.org\/?page_id=22"},"modified":"2024-02-15T17:01:38","modified_gmt":"2024-02-15T16:01:38","slug":"don","status":"publish","type":"page","link":"https:\/\/www.abbe-gerin.org\/index.php\/don\/","title":{"rendered":"Don"},"content":{"rendered":"<!--themify_builder_content-->\n<div id=\"themify_builder_content-22\" data-postid=\"22\" class=\"themify_builder_content themify_builder_content-22 themify_builder tf_clear\">\n    \t\t\t\t<!-- module_row -->\n\t\t<div  data-lazy=\"1\" class=\"module_row themify_builder_row tb_7y36890 tb_first tf_w tf_clearfix\">\n\t\t\t\t\t<div class=\"row_inner col_align_top tb_col_count_2 tf_box tf_rel\">\n\t\t\t\t\t<div  data-lazy=\"1\" class=\"module_column tb-column col4-2 tb_kwnh891 first\">\n\t\t\t\t\t\t\t\t\t<div class=\"tb-column-inner tf_box tf_w\">\n\t\t\t\t<!-- module text -->\n<div  class=\"module module-text tb_t10q915   \" data-lazy=\"1\">\n        <div  class=\"tb_text_wrap\">\n    <h3>Pourquoi faire un don pour la b\u00e9atification de l&rsquo;abb\u00e9 Jean Gerin ?<\/h3>    <\/div>\n<\/div>\n<!-- \/module text --><!-- module text -->\n<div  class=\"module module-text tb_va7j765  repeat  wow\" data-tf-animation=\"bounceInLeft\" data-lazy=\"1\">\n        <div  class=\"tb_text_wrap\">\n    <p>L\u2019<strong>abb\u00e9 Jean Gerin<\/strong>, figure embl\u00e9matique de Grenoble, a laiss\u00e9 une empreinte ind\u00e9l\u00e9bile dans le c\u0153ur des fid\u00e8les. Voici pourquoi votre don peut contribuer \u00e0 la cause de sa b\u00e9atification :<\/p>\n<ol>\n<li>\n<p><strong>Charit\u00e9 br\u00fblante<\/strong>\u00a0: L\u2019abb\u00e9 Gerin animait une\u00a0charit\u00e9 ardente\u00a0envers les plus d\u00e9munis. Sa compassion et son d\u00e9vouement envers les souffrants ont touch\u00e9 de nombreuses vies.\u00a0En faisant un don, vous perp\u00e9tuez cet esprit de g\u00e9n\u00e9rosit\u00e9 et de charit\u00e9.<\/p>\n<\/li>\n<li>\n<p><strong>Simplicit\u00e9 cordiale<\/strong>\u00a0: L\u2019abb\u00e9 \u00e9tait un homme simple, accessible \u00e0 tous. Sa cordialit\u00e9 et sa bienveillance ont cr\u00e9\u00e9 des liens forts avec la communaut\u00e9.\u00a0Votre contribution soutient cette humilit\u00e9 exemplaire.<\/p>\n<\/li>\n<li>\n<p><strong>Odeur de saintet\u00e9<\/strong>\u00a0: \u00c0 sa mort en\u00a01863, l\u2019abb\u00e9 Jean Gerin \u00e9tait d\u00e9j\u00e0 consid\u00e9r\u00e9 comme un saint par ceux qui le connaissaient. Sa tombe au cimeti\u00e8re Saint-Roch \u00e0 Grenoble est devenue, \u00e0 ce jour, un lieu de recueillement constamment fleuri.\u00a0Les ex-voto d\u00e9pos\u00e9s sur sa tombe t\u00e9moignent de la ferveur des fid\u00e8les et votre don participe \u00e0 la reconnaissance officielle de cette d\u00e9votion.<\/p>\n<\/li>\n<li>\n<p><strong>Soutenir le \u201cbon cur\u00e9\u201d<\/strong>\u00a0: En contribuant financi\u00e8rement, vous soutenez la cause en b\u00e9atification de l\u2019abb\u00e9 Jean Gerin.\u00a0Vous devenez ainsi un maillon essentiel de cette d\u00e9marche spirituelle\u00a0.<\/p>\n<\/li>\n<\/ol>    <\/div>\n<\/div>\n<!-- \/module text --><!-- module text -->\n<div  class=\"module module-text tb_zcmr185   \" data-lazy=\"1\">\n        <div  class=\"tb_text_wrap\">\n    <p>Pour plus d\u2019informations sur la vie de l\u2019abb\u00e9 Gerin, vous pouvez lire : <a href=\"https:\/\/www.editions-harmattan.fr\/livre-le_bon_cure_de_grenoble_l_abbe_jean_gerin_1797_1863_gilles_marie_moreau_emmanuel_albuquerque-9782336421841-78652.html\"><em>Le bon cur\u00e9 de Grenoble, l\u2019abb\u00e9 Gerin<\/em><\/a>, par Gilles-Marie Moreau.<\/p>    <\/div>\n<\/div>\n<!-- \/module text -->\t\t\t\t<\/div><!-- .tb-column-inner -->\n\t\t\t\t\t\t<\/div><!-- .module_column -->\n\t\t\t\t\t<div  data-lazy=\"1\" class=\"module_column tb-column col4-2 tb_qunm891 last\">\n\t\t\t\t\t\t\t\t\t<div class=\"tb-column-inner tf_box tf_w\">\n\t\t\t\t<!-- module image -->\n<div  class=\"module module-image tb_90x0104   image-top tf_mw wow\" data-tf-animation=\"bounceInRight\" data-lazy=\"1\">\n        <div class=\"image-wrap tf_rel tf_mw\">\n\t\t    <img loading=\"lazy\" decoding=\"async\" width=\"1080\" height=\"1080\" src=\"https:\/\/www.abbe-gerin.org\/wp-content\/uploads\/2024\/01\/Instagram.png\" class=\"wp-post-image wp-image-88\" title=\"Logo \u00e9pur\u00e9\" alt=\"Logo page don\" srcset=\"https:\/\/www.abbe-gerin.org\/wp-content\/uploads\/2024\/01\/Instagram.png 1080w, https:\/\/www.abbe-gerin.org\/wp-content\/uploads\/2024\/01\/Instagram-300x300.png 300w, https:\/\/www.abbe-gerin.org\/wp-content\/uploads\/2024\/01\/Instagram-1024x1024.png 1024w, https:\/\/www.abbe-gerin.org\/wp-content\/uploads\/2024\/01\/Instagram-150x150.png 150w, https:\/\/www.abbe-gerin.org\/wp-content\/uploads\/2024\/01\/Instagram-768x768.png 768w, https:\/\/www.abbe-gerin.org\/wp-content\/uploads\/2024\/01\/Instagram-1024x1024-539x539.png 539w, https:\/\/www.abbe-gerin.org\/wp-content\/uploads\/2024\/01\/Instagram-1024x1024-100x100.png 100w, https:\/\/www.abbe-gerin.org\/wp-content\/uploads\/2024\/01\/Instagram-1024x1024-200x200.png 200w\" sizes=\"auto, (max-width: 1080px) 100vw, 1080px\" \/>\t\n\t\t<\/div>\n\t<!-- \/image-wrap -->\n    \n    \t<\/div>\n<!-- \/module image --><!-- module buttons -->\n<div  class=\"module module-buttons tb_cfgc562 buttons-horizontal solid  circle wow\" data-tf-animation=\"bounceInLeft\" data-tf-animation_delay=\"0.1\" data-lazy=\"1\">\n\t\t<div class=\"module-buttons-item tf_inline_b\">\n\t\t\t\t\t\t<a href=\"https:\/\/www.diocese-grenoble-vienne.fr\/projets-chantiers-diocesains.html\" class=\"ui builder_button tb_default_color\" target=\"_blank\" rel=\"noopener\">\n\t\t\t\t\t\t\t\t<span class=\"tf_inline_b tf_vmiddle\">Soutenir la cause<\/span>\n\t\t\t\t\t\t\t\t\t\t\t\t<\/a>\n\t\t\t\t\t\t<\/div>\n\t\t\t<\/div>\n<!-- \/module buttons -->\n<!-- module text -->\n<div  class=\"module module-text tb_iapq629  repeat \" data-lazy=\"1\">\n        <div  class=\"tb_text_wrap\">\n    <h3>Une question ?<\/h3>    <\/div>\n<\/div>\n<!-- \/module text --><!-- module text -->\n<div  class=\"module module-text tb_lada341   \" data-lazy=\"1\">\n        <div  class=\"tb_text_wrap\">\n    <p style=\"text-align: center;\">N&rsquo;h\u00e9sitez pas \u00e0 nous <a href=\"https:\/\/www.abbe-gerin.org\/index.php\/contact\/\">contacter<\/a> !<\/p>    <\/div>\n<\/div>\n<!-- \/module text -->\t\t\t\t<\/div><!-- .tb-column-inner -->\n\t\t\t\t\t\t<\/div><!-- .module_column -->\n\t\t\t\t\t\t<\/div><!-- .row_inner -->\n\t\t<\/div><!-- .module_row -->\n\t\t\t\t<\/div>\n<!--\/themify_builder_content-->","protected":false},"excerpt":{"rendered":"<p>Pourquoi faire un don pour la b\u00e9atification de l&rsquo;abb\u00e9 Jean Gerin ?<\/p>\n","protected":false},"author":1,"featured_media":0,"parent":0,"menu_order":0,"comment_status":"closed","ping_status":"closed","template":"","meta":{"footnotes":""},"class_list":["post-22","page","type-page","status-publish","hentry","has-post-title","has-post-date","has-post-category","has-post-tag","has-post-comment","has-post-author",""],"yoast_head":"<!-- This site is optimized with the Yoast SEO plugin v27.4 - https:\/\/yoast.com\/product\/yoast-seo-wordpress\/ -->\n<title>Don - Abb\u00e9 Gerin<\/title>\n<meta name=\"description\" content=\"L\u2019abb\u00e9 Jean Gerin, a laiss\u00e9 une empreinte ind\u00e9l\u00e9bile dans le c\u0153ur des fid\u00e8les. Votre don peut contribuer \u00e0 la cause de sa b\u00e9atification.\" \/>\n<meta name=\"robots\" content=\"index, follow, max-snippet:-1, max-image-preview:large, max-video-preview:-1\" \/>\n<link rel=\"canonical\" href=\"https:\/\/www.abbe-gerin.org\/index.php\/don\/\" \/>\n<meta property=\"og:locale\" content=\"fr_FR\" \/>\n<meta property=\"og:type\" content=\"article\" \/>\n<meta property=\"og:title\" content=\"Don - Abb\u00e9 Gerin\" \/>\n<meta property=\"og:description\" content=\"L\u2019abb\u00e9 Jean Gerin, a laiss\u00e9 une empreinte ind\u00e9l\u00e9bile dans le c\u0153ur des fid\u00e8les. Votre don peut contribuer \u00e0 la cause de sa b\u00e9atification.\" \/>\n<meta property=\"og:url\" content=\"https:\/\/www.abbe-gerin.org\/index.php\/don\/\" \/>\n<meta property=\"og:site_name\" content=\"Abb\u00e9 Gerin\" \/>\n<meta property=\"article:publisher\" content=\"https:\/\/www.facebook.com\/eglisecatho38\" \/>\n<meta property=\"article:modified_time\" content=\"2024-02-15T16:01:38+00:00\" \/>\n<meta property=\"og:image\" content=\"https:\/\/www.abbe-gerin.org\/wp-content\/uploads\/2024\/01\/Instagram.png\" \/>\n<meta name=\"twitter:card\" content=\"summary_large_image\" \/>\n<meta name=\"twitter:label1\" content=\"Dur\u00e9e de lecture estim\u00e9e\" \/>\n\t<meta name=\"twitter:data1\" content=\"3 minutes\" \/>\n<script type=\"application\/ld+json\" class=\"yoast-schema-graph\">{\"@context\":\"https:\\\/\\\/schema.org\",\"@graph\":[{\"@type\":\"WebPage\",\"@id\":\"https:\\\/\\\/www.abbe-gerin.org\\\/index.php\\\/don\\\/\",\"url\":\"https:\\\/\\\/www.abbe-gerin.org\\\/index.php\\\/don\\\/\",\"name\":\"Don - Abb\u00e9 Gerin\",\"isPartOf\":{\"@id\":\"https:\\\/\\\/www.abbe-gerin.org\\\/#website\"},\"primaryImageOfPage\":{\"@id\":\"https:\\\/\\\/www.abbe-gerin.org\\\/index.php\\\/don\\\/#primaryimage\"},\"image\":{\"@id\":\"https:\\\/\\\/www.abbe-gerin.org\\\/index.php\\\/don\\\/#primaryimage\"},\"thumbnailUrl\":\"https:\\\/\\\/www.abbe-gerin.org\\\/wp-content\\\/uploads\\\/2024\\\/01\\\/Instagram.png\",\"datePublished\":\"2024-01-31T09:19:13+00:00\",\"dateModified\":\"2024-02-15T16:01:38+00:00\",\"description\":\"L\u2019abb\u00e9 Jean Gerin, a laiss\u00e9 une empreinte ind\u00e9l\u00e9bile dans le c\u0153ur des fid\u00e8les. Votre don peut contribuer \u00e0 la cause de sa b\u00e9atification.\",\"breadcrumb\":{\"@id\":\"https:\\\/\\\/www.abbe-gerin.org\\\/index.php\\\/don\\\/#breadcrumb\"},\"inLanguage\":\"fr-FR\",\"potentialAction\":[{\"@type\":\"ReadAction\",\"target\":[\"https:\\\/\\\/www.abbe-gerin.org\\\/index.php\\\/don\\\/\"]}]},{\"@type\":\"ImageObject\",\"inLanguage\":\"fr-FR\",\"@id\":\"https:\\\/\\\/www.abbe-gerin.org\\\/index.php\\\/don\\\/#primaryimage\",\"url\":\"https:\\\/\\\/www.abbe-gerin.org\\\/wp-content\\\/uploads\\\/2024\\\/01\\\/Instagram.png\",\"contentUrl\":\"https:\\\/\\\/www.abbe-gerin.org\\\/wp-content\\\/uploads\\\/2024\\\/01\\\/Instagram.png\",\"width\":1080,\"height\":1080,\"caption\":\"Logo \u00e9pur\u00e9\"},{\"@type\":\"BreadcrumbList\",\"@id\":\"https:\\\/\\\/www.abbe-gerin.org\\\/index.php\\\/don\\\/#breadcrumb\",\"itemListElement\":[{\"@type\":\"ListItem\",\"position\":1,\"name\":\"Accueil\",\"item\":\"https:\\\/\\\/www.abbe-gerin.org\\\/\"},{\"@type\":\"ListItem\",\"position\":2,\"name\":\"Don\"}]},{\"@type\":\"WebSite\",\"@id\":\"https:\\\/\\\/www.abbe-gerin.org\\\/#website\",\"url\":\"https:\\\/\\\/www.abbe-gerin.org\\\/\",\"name\":\"Abb\u00e9 Gerin\",\"description\":\"Proc\u00e8s en b\u00e9atification\",\"publisher\":{\"@id\":\"https:\\\/\\\/www.abbe-gerin.org\\\/#organization\"},\"potentialAction\":[{\"@type\":\"SearchAction\",\"target\":{\"@type\":\"EntryPoint\",\"urlTemplate\":\"https:\\\/\\\/www.abbe-gerin.org\\\/?s={search_term_string}\"},\"query-input\":{\"@type\":\"PropertyValueSpecification\",\"valueRequired\":true,\"valueName\":\"search_term_string\"}}],\"inLanguage\":\"fr-FR\"},{\"@type\":\"Organization\",\"@id\":\"https:\\\/\\\/www.abbe-gerin.org\\\/#organization\",\"name\":\"Abb\u00e9 Gerin\",\"url\":\"https:\\\/\\\/www.abbe-gerin.org\\\/\",\"logo\":{\"@type\":\"ImageObject\",\"inLanguage\":\"fr-FR\",\"@id\":\"https:\\\/\\\/www.abbe-gerin.org\\\/#\\\/schema\\\/logo\\\/image\\\/\",\"url\":\"https:\\\/\\\/www.abbe-gerin.org\\\/wp-content\\\/uploads\\\/2024\\\/02\\\/Design-sans-titre-1.png\",\"contentUrl\":\"https:\\\/\\\/www.abbe-gerin.org\\\/wp-content\\\/uploads\\\/2024\\\/02\\\/Design-sans-titre-1.png\",\"width\":3150,\"height\":1350,\"caption\":\"Abb\u00e9 Gerin\"},\"image\":{\"@id\":\"https:\\\/\\\/www.abbe-gerin.org\\\/#\\\/schema\\\/logo\\\/image\\\/\"},\"sameAs\":[\"https:\\\/\\\/www.facebook.com\\\/eglisecatho38\",\"https:\\\/\\\/www.instagram.com\\\/eglisecatho38\\\/\",\"https:\\\/\\\/www.youtube.com\\\/channel\\\/UCgkdSQW08Sy6GsJtyToRtQQ\\\/videos\"]}]}<\/script>\n<!-- \/ Yoast SEO plugin. -->","yoast_head_json":{"title":"Don - Abb\u00e9 Gerin","description":"L\u2019abb\u00e9 Jean Gerin, a laiss\u00e9 une empreinte ind\u00e9l\u00e9bile dans le c\u0153ur des fid\u00e8les. Votre don peut contribuer \u00e0 la cause de sa b\u00e9atification.","robots":{"index":"index","follow":"follow","max-snippet":"max-snippet:-1","max-image-preview":"max-image-preview:large","max-video-preview":"max-video-preview:-1"},"canonical":"https:\/\/www.abbe-gerin.org\/index.php\/don\/","og_locale":"fr_FR","og_type":"article","og_title":"Don - Abb\u00e9 Gerin","og_description":"L\u2019abb\u00e9 Jean Gerin, a laiss\u00e9 une empreinte ind\u00e9l\u00e9bile dans le c\u0153ur des fid\u00e8les. Votre don peut contribuer \u00e0 la cause de sa b\u00e9atification.","og_url":"https:\/\/www.abbe-gerin.org\/index.php\/don\/","og_site_name":"Abb\u00e9 Gerin","article_publisher":"https:\/\/www.facebook.com\/eglisecatho38","article_modified_time":"2024-02-15T16:01:38+00:00","og_image":[{"url":"https:\/\/www.abbe-gerin.org\/wp-content\/uploads\/2024\/01\/Instagram.png","type":"","width":"","height":""}],"twitter_card":"summary_large_image","twitter_misc":{"Dur\u00e9e de lecture estim\u00e9e":"3 minutes"},"schema":{"@context":"https:\/\/schema.org","@graph":[{"@type":"WebPage","@id":"https:\/\/www.abbe-gerin.org\/index.php\/don\/","url":"https:\/\/www.abbe-gerin.org\/index.php\/don\/","name":"Don - Abb\u00e9 Gerin","isPartOf":{"@id":"https:\/\/www.abbe-gerin.org\/#website"},"primaryImageOfPage":{"@id":"https:\/\/www.abbe-gerin.org\/index.php\/don\/#primaryimage"},"image":{"@id":"https:\/\/www.abbe-gerin.org\/index.php\/don\/#primaryimage"},"thumbnailUrl":"https:\/\/www.abbe-gerin.org\/wp-content\/uploads\/2024\/01\/Instagram.png","datePublished":"2024-01-31T09:19:13+00:00","dateModified":"2024-02-15T16:01:38+00:00","description":"L\u2019abb\u00e9 Jean Gerin, a laiss\u00e9 une empreinte ind\u00e9l\u00e9bile dans le c\u0153ur des fid\u00e8les. Votre don peut contribuer \u00e0 la cause de sa b\u00e9atification.","breadcrumb":{"@id":"https:\/\/www.abbe-gerin.org\/index.php\/don\/#breadcrumb"},"inLanguage":"fr-FR","potentialAction":[{"@type":"ReadAction","target":["https:\/\/www.abbe-gerin.org\/index.php\/don\/"]}]},{"@type":"ImageObject","inLanguage":"fr-FR","@id":"https:\/\/www.abbe-gerin.org\/index.php\/don\/#primaryimage","url":"https:\/\/www.abbe-gerin.org\/wp-content\/uploads\/2024\/01\/Instagram.png","contentUrl":"https:\/\/www.abbe-gerin.org\/wp-content\/uploads\/2024\/01\/Instagram.png","width":1080,"height":1080,"caption":"Logo \u00e9pur\u00e9"},{"@type":"BreadcrumbList","@id":"https:\/\/www.abbe-gerin.org\/index.php\/don\/#breadcrumb","itemListElement":[{"@type":"ListItem","position":1,"name":"Accueil","item":"https:\/\/www.abbe-gerin.org\/"},{"@type":"ListItem","position":2,"name":"Don"}]},{"@type":"WebSite","@id":"https:\/\/www.abbe-gerin.org\/#website","url":"https:\/\/www.abbe-gerin.org\/","name":"Abb\u00e9 Gerin","description":"Proc\u00e8s en b\u00e9atification","publisher":{"@id":"https:\/\/www.abbe-gerin.org\/#organization"},"potentialAction":[{"@type":"SearchAction","target":{"@type":"EntryPoint","urlTemplate":"https:\/\/www.abbe-gerin.org\/?s={search_term_string}"},"query-input":{"@type":"PropertyValueSpecification","valueRequired":true,"valueName":"search_term_string"}}],"inLanguage":"fr-FR"},{"@type":"Organization","@id":"https:\/\/www.abbe-gerin.org\/#organization","name":"Abb\u00e9 Gerin","url":"https:\/\/www.abbe-gerin.org\/","logo":{"@type":"ImageObject","inLanguage":"fr-FR","@id":"https:\/\/www.abbe-gerin.org\/#\/schema\/logo\/image\/","url":"https:\/\/www.abbe-gerin.org\/wp-content\/uploads\/2024\/02\/Design-sans-titre-1.png","contentUrl":"https:\/\/www.abbe-gerin.org\/wp-content\/uploads\/2024\/02\/Design-sans-titre-1.png","width":3150,"height":1350,"caption":"Abb\u00e9 Gerin"},"image":{"@id":"https:\/\/www.abbe-gerin.org\/#\/schema\/logo\/image\/"},"sameAs":["https:\/\/www.facebook.com\/eglisecatho38","https:\/\/www.instagram.com\/eglisecatho38\/","https:\/\/www.youtube.com\/channel\/UCgkdSQW08Sy6GsJtyToRtQQ\/videos"]}]}},"builder_content":"<h3>Pourquoi faire un don pour la b\u00e9atification de l'abb\u00e9 Jean Gerin ?<\/h3>\n<p>L\u2019<strong>abb\u00e9 Jean Gerin<\/strong>, figure embl\u00e9matique de Grenoble, a laiss\u00e9 une empreinte ind\u00e9l\u00e9bile dans le c\u0153ur des fid\u00e8les. Voici pourquoi votre don peut contribuer \u00e0 la cause de sa b\u00e9atification :<\/p> <ol> <li> <p><strong>Charit\u00e9 br\u00fblante<\/strong>\u00a0: L\u2019abb\u00e9 Gerin animait une\u00a0charit\u00e9 ardente\u00a0envers les plus d\u00e9munis. Sa compassion et son d\u00e9vouement envers les souffrants ont touch\u00e9 de nombreuses vies.\u00a0En faisant un don, vous perp\u00e9tuez cet esprit de g\u00e9n\u00e9rosit\u00e9 et de charit\u00e9.<\/p> <\/li> <li> <p><strong>Simplicit\u00e9 cordiale<\/strong>\u00a0: L\u2019abb\u00e9 \u00e9tait un homme simple, accessible \u00e0 tous. Sa cordialit\u00e9 et sa bienveillance ont cr\u00e9\u00e9 des liens forts avec la communaut\u00e9.\u00a0Votre contribution soutient cette humilit\u00e9 exemplaire.<\/p> <\/li> <li> <p><strong>Odeur de saintet\u00e9<\/strong>\u00a0: \u00c0 sa mort en\u00a01863, l\u2019abb\u00e9 Jean Gerin \u00e9tait d\u00e9j\u00e0 consid\u00e9r\u00e9 comme un saint par ceux qui le connaissaient. Sa tombe au cimeti\u00e8re Saint-Roch \u00e0 Grenoble est devenue, \u00e0 ce jour, un lieu de recueillement constamment fleuri.\u00a0Les ex-voto d\u00e9pos\u00e9s sur sa tombe t\u00e9moignent de la ferveur des fid\u00e8les et votre don participe \u00e0 la reconnaissance officielle de cette d\u00e9votion.<\/p> <\/li> <li> <p><strong>Soutenir le \u201cbon cur\u00e9\u201d<\/strong>\u00a0: En contribuant financi\u00e8rement, vous soutenez la cause en b\u00e9atification de l\u2019abb\u00e9 Jean Gerin.\u00a0Vous devenez ainsi un maillon essentiel de cette d\u00e9marche spirituelle\u00a0.<\/p> <\/li> <\/ol>\n<p>Pour plus d\u2019informations sur la vie de l\u2019abb\u00e9 Gerin, vous pouvez lire : <a href=\"https:\/\/www.editions-harmattan.fr\/livre-le_bon_cure_de_grenoble_l_abbe_jean_gerin_1797_1863_gilles_marie_moreau_emmanuel_albuquerque-9782336421841-78652.html\"><em>Le bon cur\u00e9 de Grenoble, l\u2019abb\u00e9 Gerin<\/em><\/a>, par Gilles-Marie Moreau.<\/p>\n<img src=\"https:\/\/www.abbe-gerin.org\/wp-content\/uploads\/2024\/01\/Instagram.png\" title=\"Logo \u00e9pur\u00e9\" alt=\"Logo page don\" srcset=\"https:\/\/www.abbe-gerin.org\/wp-content\/uploads\/2024\/01\/Instagram.png 1080w, https:\/\/www.abbe-gerin.org\/wp-content\/uploads\/2024\/01\/Instagram-300x300.png 300w, https:\/\/www.abbe-gerin.org\/wp-content\/uploads\/2024\/01\/Instagram-1024x1024.png 1024w, https:\/\/www.abbe-gerin.org\/wp-content\/uploads\/2024\/01\/Instagram-150x150.png 150w, https:\/\/www.abbe-gerin.org\/wp-content\/uploads\/2024\/01\/Instagram-768x768.png 768w, https:\/\/www.abbe-gerin.org\/wp-content\/uploads\/2024\/01\/Instagram-1024x1024-539x539.png 539w, https:\/\/www.abbe-gerin.org\/wp-content\/uploads\/2024\/01\/Instagram-1024x1024-100x100.png 100w, https:\/\/www.abbe-gerin.org\/wp-content\/uploads\/2024\/01\/Instagram-1024x1024-200x200.png 200w\" sizes=\"(max-width: 1080px) 100vw, 1080px\" \/>\n<a href=\"https:\/\/www.diocese-grenoble-vienne.fr\/projets-chantiers-diocesains.html\" target=\"_blank\" rel=\"noopener\"> Soutenir la cause <\/a>\n<h3>Une question ?<\/h3>\n<p style=\"text-align: center;\">N'h\u00e9sitez pas \u00e0 nous <a href=\"https:\/\/www.abbe-gerin.org\/index.php\/contact\/\">contacter<\/a> !<\/p>","_links":{"self":[{"href":"https:\/\/www.abbe-gerin.org\/index.php\/wp-json\/wp\/v2\/pages\/22","targetHints":{"allow":["GET"]}}],"collection":[{"href":"https:\/\/www.abbe-gerin.org\/index.php\/wp-json\/wp\/v2\/pages"}],"about":[{"href":"https:\/\/www.abbe-gerin.org\/index.php\/wp-json\/wp\/v2\/types\/page"}],"author":[{"embeddable":true,"href":"https:\/\/www.abbe-gerin.org\/index.php\/wp-json\/wp\/v2\/users\/1"}],"replies":[{"embeddable":true,"href":"https:\/\/www.abbe-gerin.org\/index.php\/wp-json\/wp\/v2\/comments?post=22"}],"version-history":[{"count":83,"href":"https:\/\/www.abbe-gerin.org\/index.php\/wp-json\/wp\/v2\/pages\/22\/revisions"}],"predecessor-version":[{"id":794,"href":"https:\/\/www.abbe-gerin.org\/index.php\/wp-json\/wp\/v2\/pages\/22\/revisions\/794"}],"wp:attachment":[{"href":"https:\/\/www.abbe-gerin.org\/index.php\/wp-json\/wp\/v2\/media?parent=22"}],"curies":[{"name":"wp","href":"https:\/\/api.w.org\/{rel}","templated":true}]}}