{"id":20,"date":"2024-01-31T10:19:01","date_gmt":"2024-01-31T09:19:01","guid":{"rendered":"https:\/\/www.abbe-gerin.org\/?page_id=20"},"modified":"2024-01-31T16:07:49","modified_gmt":"2024-01-31T15:07:49","slug":"ressources","status":"publish","type":"page","link":"https:\/\/www.abbe-gerin.org\/index.php\/ressources\/","title":{"rendered":"Ressources"},"content":{"rendered":"<!--themify_builder_content-->\n<div id=\"themify_builder_content-20\" data-postid=\"20\" class=\"themify_builder_content themify_builder_content-20 themify_builder tf_clear\">\n    \t\t\t\t<!-- module_row -->\n\t\t<div  data-lazy=\"1\" class=\"module_row themify_builder_row tb_d0d2738 tb_first tf_w tf_clearfix\">\n\t\t\t\t\t<div class=\"row_inner col_align_top tb_col_count_1 tf_box tf_rel\">\n\t\t\t\t\t<div  data-lazy=\"1\" class=\"module_column tb-column col-full tb_4033739 first\">\n\t\t\t\t\t\t\t\t\t<div class=\"tb-column-inner tf_box tf_w\">\n\t\t\t\t\t\t<div  data-lazy=\"1\" class=\"module_subrow themify_builder_sub_row tb_2b2w780 tf_w tf_clearfix\">\n\t\t\t\t\t<div class=\"subrow_inner col_align_top tb_col_count_4 tf_box tf_w\">\n\t\t\t\t\t<div  data-lazy=\"1\" class=\"module_column sub_column col4-1 tb_cve1780 first\">\n\t\t\t\t\t\t\t\t\t<div class=\"tb-column-inner tf_box tf_w\">\n\t\t\t\t<!-- module image -->\n<div  class=\"module module-image tb_q38n602   image-top tf_mw wow\" data-tf-animation=\"bounceInLeft\" data-tf-animation_delay=\"0.3\" data-lazy=\"1\">\n        <div class=\"image-wrap tf_rel tf_mw\">\n\t\t    <img loading=\"lazy\" decoding=\"async\" src=\"https:\/\/www.abbe-gerin.org\/wp-content\/uploads\/2024\/01\/Instagram-4-1024x1024-500x500.png\" width=\"500\" height=\"500\" class=\"wp-post-image wp-image-257\" title=\"Ic\u00f4ne vid\u00e9os\" alt=\"Ic\u00f4ne vid\u00e9os\" srcset=\"https:\/\/www.abbe-gerin.org\/wp-content\/uploads\/2024\/01\/Instagram-4-1024x1024-500x500.png 500w, https:\/\/www.abbe-gerin.org\/wp-content\/uploads\/2024\/01\/Instagram-4-300x300.png 300w, https:\/\/www.abbe-gerin.org\/wp-content\/uploads\/2024\/01\/Instagram-4-1024x1024.png 1024w, https:\/\/www.abbe-gerin.org\/wp-content\/uploads\/2024\/01\/Instagram-4-150x150.png 150w, https:\/\/www.abbe-gerin.org\/wp-content\/uploads\/2024\/01\/Instagram-4-768x768.png 768w, https:\/\/www.abbe-gerin.org\/wp-content\/uploads\/2024\/01\/Instagram-4.png 1080w\" sizes=\"auto, (max-width: 500px) 100vw, 500px\" \/>\t\n\t\t<\/div>\n\t<!-- \/image-wrap -->\n    \n    \t<\/div>\n<!-- \/module image -->\t\t\t\t<\/div><!-- .tb-column-inner -->\n\t\t\t\t\t\t<\/div><!-- .module_column -->\n\t\t\t\t\t<div  data-lazy=\"1\" class=\"module_column sub_column col4-1 tb_cfd6780\">\n\t\t\t\t\t\t\t\t\t<div class=\"tb-column-inner tf_box tf_w\">\n\t\t\t\t<!-- module image -->\n<div  class=\"module module-image tb_wl5q327   image-top tf_mw wow\" data-tf-animation=\"bounceInLeft\" data-tf-animation_delay=\"0.2\" data-lazy=\"1\">\n        <div class=\"image-wrap tf_rel tf_mw\">\n\t\t    <img loading=\"lazy\" decoding=\"async\" src=\"https:\/\/www.abbe-gerin.org\/wp-content\/uploads\/2024\/01\/Instagram-6-1024x1024-500x500.png\" width=\"500\" height=\"500\" class=\"wp-post-image wp-image-258\" title=\"Ic\u00f4ne podcast\" alt=\"Ic\u00f4ne podcast\" srcset=\"https:\/\/www.abbe-gerin.org\/wp-content\/uploads\/2024\/01\/Instagram-6-1024x1024-500x500.png 500w, https:\/\/www.abbe-gerin.org\/wp-content\/uploads\/2024\/01\/Instagram-6-300x300.png 300w, https:\/\/www.abbe-gerin.org\/wp-content\/uploads\/2024\/01\/Instagram-6-1024x1024.png 1024w, https:\/\/www.abbe-gerin.org\/wp-content\/uploads\/2024\/01\/Instagram-6-150x150.png 150w, https:\/\/www.abbe-gerin.org\/wp-content\/uploads\/2024\/01\/Instagram-6-768x768.png 768w, https:\/\/www.abbe-gerin.org\/wp-content\/uploads\/2024\/01\/Instagram-6.png 1080w\" sizes=\"auto, (max-width: 500px) 100vw, 500px\" \/>\t\n\t\t<\/div>\n\t<!-- \/image-wrap -->\n    \n    \t<\/div>\n<!-- \/module image -->\t\t\t\t<\/div><!-- .tb-column-inner -->\n\t\t\t\t\t\t<\/div><!-- .module_column -->\n\t\t\t\t\t<div  data-lazy=\"1\" class=\"module_column sub_column col4-1 tb_5yv3780\">\n\t\t\t\t\t\t\t\t\t<div class=\"tb-column-inner tf_box tf_w\">\n\t\t\t\t<!-- module image -->\n<div  class=\"module module-image tb_vq15136   image-top tf_mw wow\" data-tf-animation=\"bounceInLeft\" data-tf-animation_delay=\"0.1\" data-lazy=\"1\">\n        <div class=\"image-wrap tf_rel tf_mw\">\n\t\t    <img loading=\"lazy\" decoding=\"async\" src=\"https:\/\/www.abbe-gerin.org\/wp-content\/uploads\/2024\/01\/Instagram-5-1024x1024-500x500.png\" width=\"500\" height=\"500\" class=\"wp-post-image wp-image-268\" title=\"Ic\u00f4ne parution\" alt=\"Ic\u00f4ne parution\" srcset=\"https:\/\/www.abbe-gerin.org\/wp-content\/uploads\/2024\/01\/Instagram-5-1024x1024-500x500.png 500w, https:\/\/www.abbe-gerin.org\/wp-content\/uploads\/2024\/01\/Instagram-5-300x300.png 300w, https:\/\/www.abbe-gerin.org\/wp-content\/uploads\/2024\/01\/Instagram-5-1024x1024.png 1024w, https:\/\/www.abbe-gerin.org\/wp-content\/uploads\/2024\/01\/Instagram-5-150x150.png 150w, https:\/\/www.abbe-gerin.org\/wp-content\/uploads\/2024\/01\/Instagram-5-768x768.png 768w, https:\/\/www.abbe-gerin.org\/wp-content\/uploads\/2024\/01\/Instagram-5.png 1080w\" sizes=\"auto, (max-width: 500px) 100vw, 500px\" \/>\t\n\t\t<\/div>\n\t<!-- \/image-wrap -->\n    \n    \t<\/div>\n<!-- \/module image -->\t\t\t\t<\/div><!-- .tb-column-inner -->\n\t\t\t\t\t\t<\/div><!-- .module_column -->\n\t\t\t\t\t<div  data-lazy=\"1\" class=\"module_column sub_column col4-1 tb_abo9780 last\">\n\t\t\t\t\t\t\t\t\t<div class=\"tb-column-inner tf_box tf_w\">\n\t\t\t\t<!-- module image -->\n<div  class=\"module module-image tb_gmrr553   image-top tf_mw wow\" data-tf-animation=\"bounceInLeft\" data-lazy=\"1\">\n        <div class=\"image-wrap tf_rel tf_mw\">\n\t\t    <img loading=\"lazy\" decoding=\"async\" src=\"https:\/\/www.abbe-gerin.org\/wp-content\/uploads\/2024\/01\/Instagram-7-1024x1024-500x500.png\" width=\"500\" height=\"500\" class=\"wp-post-image wp-image-275\" title=\"Instagram (7)\" alt=\"Instagram (7)\" srcset=\"https:\/\/www.abbe-gerin.org\/wp-content\/uploads\/2024\/01\/Instagram-7-1024x1024-500x500.png 500w, https:\/\/www.abbe-gerin.org\/wp-content\/uploads\/2024\/01\/Instagram-7-300x300.png 300w, https:\/\/www.abbe-gerin.org\/wp-content\/uploads\/2024\/01\/Instagram-7-1024x1024.png 1024w, https:\/\/www.abbe-gerin.org\/wp-content\/uploads\/2024\/01\/Instagram-7-150x150.png 150w, https:\/\/www.abbe-gerin.org\/wp-content\/uploads\/2024\/01\/Instagram-7-768x768.png 768w, https:\/\/www.abbe-gerin.org\/wp-content\/uploads\/2024\/01\/Instagram-7.png 1080w\" sizes=\"auto, (max-width: 500px) 100vw, 500px\" \/>\t\n\t\t<\/div>\n\t<!-- \/image-wrap -->\n    \n    \t<\/div>\n<!-- \/module image -->\t\t\t\t<\/div><!-- .tb-column-inner -->\n\t\t\t\t\t\t<\/div><!-- .module_column -->\n\t\t\t\t\t\t<\/div><!-- .subrow_inner -->\n\t\t<\/div><!-- .themify_builder_sub_row -->\n\t\t\t\t\t\t\t\t<\/div><!-- .tb-column-inner -->\n\t\t\t\t\t\t<\/div><!-- .module_column -->\n\t\t\t\t\t\t<\/div><!-- .row_inner -->\n\t\t<\/div><!-- .module_row -->\n\t\t\t\t<\/div>\n<!--\/themify_builder_content-->","protected":false},"excerpt":{"rendered":"","protected":false},"author":1,"featured_media":0,"parent":0,"menu_order":0,"comment_status":"closed","ping_status":"closed","template":"","meta":{"footnotes":""},"class_list":["post-20","page","type-page","status-publish","hentry","has-post-title","has-post-date","has-post-category","has-post-tag","has-post-comment","has-post-author",""],"yoast_head":"<!-- This site is optimized with the Yoast SEO plugin v27.3 - https:\/\/yoast.com\/product\/yoast-seo-wordpress\/ -->\n<title>Ressources - Abb\u00e9 Gerin<\/title>\n<meta name=\"robots\" content=\"index, follow, max-snippet:-1, max-image-preview:large, max-video-preview:-1\" \/>\n<link rel=\"canonical\" href=\"https:\/\/www.abbe-gerin.org\/index.php\/ressources\/\" \/>\n<meta property=\"og:locale\" content=\"fr_FR\" \/>\n<meta property=\"og:type\" content=\"article\" \/>\n<meta property=\"og:title\" content=\"Ressources - Abb\u00e9 Gerin\" \/>\n<meta property=\"og:url\" content=\"https:\/\/www.abbe-gerin.org\/index.php\/ressources\/\" \/>\n<meta property=\"og:site_name\" content=\"Abb\u00e9 Gerin\" \/>\n<meta property=\"article:publisher\" content=\"https:\/\/www.facebook.com\/eglisecatho38\" \/>\n<meta property=\"article:modified_time\" content=\"2024-01-31T15:07:49+00:00\" \/>\n<meta property=\"og:image\" content=\"https:\/\/www.abbe-gerin.org\/wp-content\/uploads\/2024\/01\/Instagram-4-1024x1024-500x500.png\" \/>\n<meta name=\"twitter:card\" content=\"summary_large_image\" \/>\n<script type=\"application\/ld+json\" class=\"yoast-schema-graph\">{\"@context\":\"https:\\\/\\\/schema.org\",\"@graph\":[{\"@type\":\"WebPage\",\"@id\":\"https:\\\/\\\/www.abbe-gerin.org\\\/index.php\\\/ressources\\\/\",\"url\":\"https:\\\/\\\/www.abbe-gerin.org\\\/index.php\\\/ressources\\\/\",\"name\":\"Ressources - Abb\u00e9 Gerin\",\"isPartOf\":{\"@id\":\"https:\\\/\\\/www.abbe-gerin.org\\\/#website\"},\"primaryImageOfPage\":{\"@id\":\"https:\\\/\\\/www.abbe-gerin.org\\\/index.php\\\/ressources\\\/#primaryimage\"},\"image\":{\"@id\":\"https:\\\/\\\/www.abbe-gerin.org\\\/index.php\\\/ressources\\\/#primaryimage\"},\"thumbnailUrl\":\"https:\\\/\\\/www.abbe-gerin.org\\\/wp-content\\\/uploads\\\/2024\\\/01\\\/Instagram-4-1024x1024-500x500.png\",\"datePublished\":\"2024-01-31T09:19:01+00:00\",\"dateModified\":\"2024-01-31T15:07:49+00:00\",\"breadcrumb\":{\"@id\":\"https:\\\/\\\/www.abbe-gerin.org\\\/index.php\\\/ressources\\\/#breadcrumb\"},\"inLanguage\":\"fr-FR\",\"potentialAction\":[{\"@type\":\"ReadAction\",\"target\":[\"https:\\\/\\\/www.abbe-gerin.org\\\/index.php\\\/ressources\\\/\"]}]},{\"@type\":\"ImageObject\",\"inLanguage\":\"fr-FR\",\"@id\":\"https:\\\/\\\/www.abbe-gerin.org\\\/index.php\\\/ressources\\\/#primaryimage\",\"url\":\"https:\\\/\\\/www.abbe-gerin.org\\\/wp-content\\\/uploads\\\/2024\\\/01\\\/Instagram-4.png\",\"contentUrl\":\"https:\\\/\\\/www.abbe-gerin.org\\\/wp-content\\\/uploads\\\/2024\\\/01\\\/Instagram-4.png\",\"width\":1080,\"height\":1080,\"caption\":\"Ic\u00f4ne vid\u00e9os\"},{\"@type\":\"BreadcrumbList\",\"@id\":\"https:\\\/\\\/www.abbe-gerin.org\\\/index.php\\\/ressources\\\/#breadcrumb\",\"itemListElement\":[{\"@type\":\"ListItem\",\"position\":1,\"name\":\"Accueil\",\"item\":\"https:\\\/\\\/www.abbe-gerin.org\\\/\"},{\"@type\":\"ListItem\",\"position\":2,\"name\":\"Ressources\"}]},{\"@type\":\"WebSite\",\"@id\":\"https:\\\/\\\/www.abbe-gerin.org\\\/#website\",\"url\":\"https:\\\/\\\/www.abbe-gerin.org\\\/\",\"name\":\"Abb\u00e9 Gerin\",\"description\":\"Proc\u00e8s en b\u00e9atification\",\"publisher\":{\"@id\":\"https:\\\/\\\/www.abbe-gerin.org\\\/#organization\"},\"potentialAction\":[{\"@type\":\"SearchAction\",\"target\":{\"@type\":\"EntryPoint\",\"urlTemplate\":\"https:\\\/\\\/www.abbe-gerin.org\\\/?s={search_term_string}\"},\"query-input\":{\"@type\":\"PropertyValueSpecification\",\"valueRequired\":true,\"valueName\":\"search_term_string\"}}],\"inLanguage\":\"fr-FR\"},{\"@type\":\"Organization\",\"@id\":\"https:\\\/\\\/www.abbe-gerin.org\\\/#organization\",\"name\":\"Abb\u00e9 Gerin\",\"url\":\"https:\\\/\\\/www.abbe-gerin.org\\\/\",\"logo\":{\"@type\":\"ImageObject\",\"inLanguage\":\"fr-FR\",\"@id\":\"https:\\\/\\\/www.abbe-gerin.org\\\/#\\\/schema\\\/logo\\\/image\\\/\",\"url\":\"https:\\\/\\\/www.abbe-gerin.org\\\/wp-content\\\/uploads\\\/2024\\\/02\\\/Design-sans-titre-1.png\",\"contentUrl\":\"https:\\\/\\\/www.abbe-gerin.org\\\/wp-content\\\/uploads\\\/2024\\\/02\\\/Design-sans-titre-1.png\",\"width\":3150,\"height\":1350,\"caption\":\"Abb\u00e9 Gerin\"},\"image\":{\"@id\":\"https:\\\/\\\/www.abbe-gerin.org\\\/#\\\/schema\\\/logo\\\/image\\\/\"},\"sameAs\":[\"https:\\\/\\\/www.facebook.com\\\/eglisecatho38\",\"https:\\\/\\\/www.instagram.com\\\/eglisecatho38\\\/\",\"https:\\\/\\\/www.youtube.com\\\/channel\\\/UCgkdSQW08Sy6GsJtyToRtQQ\\\/videos\"]}]}<\/script>\n<!-- \/ Yoast SEO plugin. -->","yoast_head_json":{"title":"Ressources - Abb\u00e9 Gerin","robots":{"index":"index","follow":"follow","max-snippet":"max-snippet:-1","max-image-preview":"max-image-preview:large","max-video-preview":"max-video-preview:-1"},"canonical":"https:\/\/www.abbe-gerin.org\/index.php\/ressources\/","og_locale":"fr_FR","og_type":"article","og_title":"Ressources - Abb\u00e9 Gerin","og_url":"https:\/\/www.abbe-gerin.org\/index.php\/ressources\/","og_site_name":"Abb\u00e9 Gerin","article_publisher":"https:\/\/www.facebook.com\/eglisecatho38","article_modified_time":"2024-01-31T15:07:49+00:00","og_image":[{"url":"https:\/\/www.abbe-gerin.org\/wp-content\/uploads\/2024\/01\/Instagram-4-1024x1024-500x500.png","type":"","width":"","height":""}],"twitter_card":"summary_large_image","schema":{"@context":"https:\/\/schema.org","@graph":[{"@type":"WebPage","@id":"https:\/\/www.abbe-gerin.org\/index.php\/ressources\/","url":"https:\/\/www.abbe-gerin.org\/index.php\/ressources\/","name":"Ressources - Abb\u00e9 Gerin","isPartOf":{"@id":"https:\/\/www.abbe-gerin.org\/#website"},"primaryImageOfPage":{"@id":"https:\/\/www.abbe-gerin.org\/index.php\/ressources\/#primaryimage"},"image":{"@id":"https:\/\/www.abbe-gerin.org\/index.php\/ressources\/#primaryimage"},"thumbnailUrl":"https:\/\/www.abbe-gerin.org\/wp-content\/uploads\/2024\/01\/Instagram-4-1024x1024-500x500.png","datePublished":"2024-01-31T09:19:01+00:00","dateModified":"2024-01-31T15:07:49+00:00","breadcrumb":{"@id":"https:\/\/www.abbe-gerin.org\/index.php\/ressources\/#breadcrumb"},"inLanguage":"fr-FR","potentialAction":[{"@type":"ReadAction","target":["https:\/\/www.abbe-gerin.org\/index.php\/ressources\/"]}]},{"@type":"ImageObject","inLanguage":"fr-FR","@id":"https:\/\/www.abbe-gerin.org\/index.php\/ressources\/#primaryimage","url":"https:\/\/www.abbe-gerin.org\/wp-content\/uploads\/2024\/01\/Instagram-4.png","contentUrl":"https:\/\/www.abbe-gerin.org\/wp-content\/uploads\/2024\/01\/Instagram-4.png","width":1080,"height":1080,"caption":"Ic\u00f4ne vid\u00e9os"},{"@type":"BreadcrumbList","@id":"https:\/\/www.abbe-gerin.org\/index.php\/ressources\/#breadcrumb","itemListElement":[{"@type":"ListItem","position":1,"name":"Accueil","item":"https:\/\/www.abbe-gerin.org\/"},{"@type":"ListItem","position":2,"name":"Ressources"}]},{"@type":"WebSite","@id":"https:\/\/www.abbe-gerin.org\/#website","url":"https:\/\/www.abbe-gerin.org\/","name":"Abb\u00e9 Gerin","description":"Proc\u00e8s en b\u00e9atification","publisher":{"@id":"https:\/\/www.abbe-gerin.org\/#organization"},"potentialAction":[{"@type":"SearchAction","target":{"@type":"EntryPoint","urlTemplate":"https:\/\/www.abbe-gerin.org\/?s={search_term_string}"},"query-input":{"@type":"PropertyValueSpecification","valueRequired":true,"valueName":"search_term_string"}}],"inLanguage":"fr-FR"},{"@type":"Organization","@id":"https:\/\/www.abbe-gerin.org\/#organization","name":"Abb\u00e9 Gerin","url":"https:\/\/www.abbe-gerin.org\/","logo":{"@type":"ImageObject","inLanguage":"fr-FR","@id":"https:\/\/www.abbe-gerin.org\/#\/schema\/logo\/image\/","url":"https:\/\/www.abbe-gerin.org\/wp-content\/uploads\/2024\/02\/Design-sans-titre-1.png","contentUrl":"https:\/\/www.abbe-gerin.org\/wp-content\/uploads\/2024\/02\/Design-sans-titre-1.png","width":3150,"height":1350,"caption":"Abb\u00e9 Gerin"},"image":{"@id":"https:\/\/www.abbe-gerin.org\/#\/schema\/logo\/image\/"},"sameAs":["https:\/\/www.facebook.com\/eglisecatho38","https:\/\/www.instagram.com\/eglisecatho38\/","https:\/\/www.youtube.com\/channel\/UCgkdSQW08Sy6GsJtyToRtQQ\/videos"]}]}},"builder_content":"<img src=\"https:\/\/www.abbe-gerin.org\/wp-content\/uploads\/2024\/01\/Instagram-4-1024x1024-500x500.png\" width=\"500\" height=\"500\" title=\"Ic\u00f4ne vid\u00e9os\" alt=\"Ic\u00f4ne vid\u00e9os\" srcset=\"https:\/\/www.abbe-gerin.org\/wp-content\/uploads\/2024\/01\/Instagram-4-1024x1024-500x500.png 500w, https:\/\/www.abbe-gerin.org\/wp-content\/uploads\/2024\/01\/Instagram-4-300x300.png 300w, https:\/\/www.abbe-gerin.org\/wp-content\/uploads\/2024\/01\/Instagram-4-1024x1024.png 1024w, https:\/\/www.abbe-gerin.org\/wp-content\/uploads\/2024\/01\/Instagram-4-150x150.png 150w, https:\/\/www.abbe-gerin.org\/wp-content\/uploads\/2024\/01\/Instagram-4-768x768.png 768w, https:\/\/www.abbe-gerin.org\/wp-content\/uploads\/2024\/01\/Instagram-4.png 1080w\" sizes=\"(max-width: 500px) 100vw, 500px\" \/>\n<img src=\"https:\/\/www.abbe-gerin.org\/wp-content\/uploads\/2024\/01\/Instagram-6-1024x1024-500x500.png\" width=\"500\" height=\"500\" title=\"Ic\u00f4ne podcast\" alt=\"Ic\u00f4ne podcast\" srcset=\"https:\/\/www.abbe-gerin.org\/wp-content\/uploads\/2024\/01\/Instagram-6-1024x1024-500x500.png 500w, https:\/\/www.abbe-gerin.org\/wp-content\/uploads\/2024\/01\/Instagram-6-300x300.png 300w, https:\/\/www.abbe-gerin.org\/wp-content\/uploads\/2024\/01\/Instagram-6-1024x1024.png 1024w, https:\/\/www.abbe-gerin.org\/wp-content\/uploads\/2024\/01\/Instagram-6-150x150.png 150w, https:\/\/www.abbe-gerin.org\/wp-content\/uploads\/2024\/01\/Instagram-6-768x768.png 768w, https:\/\/www.abbe-gerin.org\/wp-content\/uploads\/2024\/01\/Instagram-6.png 1080w\" sizes=\"(max-width: 500px) 100vw, 500px\" \/>\n<img src=\"https:\/\/www.abbe-gerin.org\/wp-content\/uploads\/2024\/01\/Instagram-5-1024x1024-500x500.png\" width=\"500\" height=\"500\" title=\"Ic\u00f4ne parution\" alt=\"Ic\u00f4ne parution\" srcset=\"https:\/\/www.abbe-gerin.org\/wp-content\/uploads\/2024\/01\/Instagram-5-1024x1024-500x500.png 500w, https:\/\/www.abbe-gerin.org\/wp-content\/uploads\/2024\/01\/Instagram-5-300x300.png 300w, https:\/\/www.abbe-gerin.org\/wp-content\/uploads\/2024\/01\/Instagram-5-1024x1024.png 1024w, https:\/\/www.abbe-gerin.org\/wp-content\/uploads\/2024\/01\/Instagram-5-150x150.png 150w, https:\/\/www.abbe-gerin.org\/wp-content\/uploads\/2024\/01\/Instagram-5-768x768.png 768w, https:\/\/www.abbe-gerin.org\/wp-content\/uploads\/2024\/01\/Instagram-5.png 1080w\" sizes=\"(max-width: 500px) 100vw, 500px\" \/>\n<img src=\"https:\/\/www.abbe-gerin.org\/wp-content\/uploads\/2024\/01\/Instagram-7-1024x1024-500x500.png\" width=\"500\" height=\"500\" title=\"Instagram (7)\" alt=\"Instagram (7)\" srcset=\"https:\/\/www.abbe-gerin.org\/wp-content\/uploads\/2024\/01\/Instagram-7-1024x1024-500x500.png 500w, https:\/\/www.abbe-gerin.org\/wp-content\/uploads\/2024\/01\/Instagram-7-300x300.png 300w, https:\/\/www.abbe-gerin.org\/wp-content\/uploads\/2024\/01\/Instagram-7-1024x1024.png 1024w, https:\/\/www.abbe-gerin.org\/wp-content\/uploads\/2024\/01\/Instagram-7-150x150.png 150w, https:\/\/www.abbe-gerin.org\/wp-content\/uploads\/2024\/01\/Instagram-7-768x768.png 768w, https:\/\/www.abbe-gerin.org\/wp-content\/uploads\/2024\/01\/Instagram-7.png 1080w\" sizes=\"(max-width: 500px) 100vw, 500px\" \/>","_links":{"self":[{"href":"https:\/\/www.abbe-gerin.org\/index.php\/wp-json\/wp\/v2\/pages\/20","targetHints":{"allow":["GET"]}}],"collection":[{"href":"https:\/\/www.abbe-gerin.org\/index.php\/wp-json\/wp\/v2\/pages"}],"about":[{"href":"https:\/\/www.abbe-gerin.org\/index.php\/wp-json\/wp\/v2\/types\/page"}],"author":[{"embeddable":true,"href":"https:\/\/www.abbe-gerin.org\/index.php\/wp-json\/wp\/v2\/users\/1"}],"replies":[{"embeddable":true,"href":"https:\/\/www.abbe-gerin.org\/index.php\/wp-json\/wp\/v2\/comments?post=20"}],"version-history":[{"count":30,"href":"https:\/\/www.abbe-gerin.org\/index.php\/wp-json\/wp\/v2\/pages\/20\/revisions"}],"predecessor-version":[{"id":333,"href":"https:\/\/www.abbe-gerin.org\/index.php\/wp-json\/wp\/v2\/pages\/20\/revisions\/333"}],"wp:attachment":[{"href":"https:\/\/www.abbe-gerin.org\/index.php\/wp-json\/wp\/v2\/media?parent=20"}],"curies":[{"name":"wp","href":"https:\/\/api.w.org\/{rel}","templated":true}]}}