{"id":14,"date":"2024-01-31T10:18:23","date_gmt":"2024-01-31T09:18:23","guid":{"rendered":"https:\/\/www.abbe-gerin.org\/?page_id=14"},"modified":"2025-05-21T13:32:29","modified_gmt":"2025-05-21T11:32:29","slug":"biographie","status":"publish","type":"page","link":"https:\/\/www.abbe-gerin.org\/index.php\/biographie\/","title":{"rendered":"Biographie"},"content":{"rendered":"<!--themify_builder_content-->\n<div id=\"themify_builder_content-14\" data-postid=\"14\" class=\"themify_builder_content themify_builder_content-14 themify_builder tf_clear\">\n    \t\t\t\t<!-- module_row -->\n\t\t<div  data-lazy=\"1\" class=\"module_row themify_builder_row tb_5v9w645 tb_first tf_w tf_clearfix\">\n\t\t\t\t\t<div class=\"row_inner col_align_top tb_col_count_2 tf_box tf_rel\">\n\t\t\t\t\t<div  data-lazy=\"1\" class=\"module_column tb-column col4-2 tb_dpox449 first\">\n\t\t\t\t\t\t\t\t\t<div class=\"tb-column-inner tf_box tf_w\">\n\t\t\t\t<!-- module text -->\n<div  class=\"module module-text tb_rrcd347    wow\" data-tf-animation=\"bounceInLeft\" data-lazy=\"1\">\n        <div  class=\"tb_text_wrap\">\n    <h2>Biographie<\/h2>    <\/div>\n<\/div>\n<!-- \/module text --><!-- module divider -->\n<div  class=\"module tf_mw module-divider tb_u8fm652 solid  divider-custom divider-center wow\" data-tf-animation=\"fadeIn\" data-tf-animation_delay=\"0.3\" style=\"border-width: 1px;border-color: #5e5d5d;width: 150px;\" data-lazy=\"1\">\n    <\/div>\n<!-- \/module divider -->\n<!-- module image -->\n<div  class=\"module module-image tb_9lfg83   image-top tf_mw wow\" data-tf-animation=\"bounceInLeft\" data-tf-animation_delay=\"0.1\" data-lazy=\"1\">\n        <div class=\"image-wrap tf_rel tf_mw\">\n\t\t    <img loading=\"lazy\" decoding=\"async\" src=\"https:\/\/www.abbe-gerin.org\/wp-content\/uploads\/2024\/01\/Instagram-1024x1024-539x539.png\" width=\"539\" height=\"539\" class=\"wp-post-image wp-image-88\" title=\"Logo \u00e9pur\u00e9\" alt=\"Logo biographie abb\u00e9 Jean Gerin\" srcset=\"https:\/\/www.abbe-gerin.org\/wp-content\/uploads\/2024\/01\/Instagram-1024x1024-539x539.png 539w, https:\/\/www.abbe-gerin.org\/wp-content\/uploads\/2024\/01\/Instagram-300x300.png 300w, https:\/\/www.abbe-gerin.org\/wp-content\/uploads\/2024\/01\/Instagram-1024x1024.png 1024w, https:\/\/www.abbe-gerin.org\/wp-content\/uploads\/2024\/01\/Instagram-150x150.png 150w, https:\/\/www.abbe-gerin.org\/wp-content\/uploads\/2024\/01\/Instagram-768x768.png 768w, https:\/\/www.abbe-gerin.org\/wp-content\/uploads\/2024\/01\/Instagram-1024x1024-100x100.png 100w, https:\/\/www.abbe-gerin.org\/wp-content\/uploads\/2024\/01\/Instagram-1024x1024-200x200.png 200w, https:\/\/www.abbe-gerin.org\/wp-content\/uploads\/2024\/01\/Instagram.png 1080w\" sizes=\"auto, (max-width: 539px) 100vw, 539px\" \/>\t\n\t\t<\/div>\n\t<!-- \/image-wrap -->\n    \n    \t<\/div>\n<!-- \/module image --><!-- module buttons -->\n<div  class=\"module module-buttons tb_84k2635 buttons-horizontal solid  circle wow\" data-tf-animation=\"bounceInLeft\" data-tf-animation_delay=\"0.2\" data-lazy=\"1\">\n\t\t<div class=\"module-buttons-item tf_inline_b\">\n\t\t\t\t\t\t<a href=\"https:\/\/www.abbe-gerin.org\/index.php\/ressources\/\" class=\"ui builder_button transparent\" target=\"_blank\" rel=\"noopener\">\n\t\t\t\t\t\t\t\t<span class=\"tf_inline_b tf_vmiddle\">Autres ressources<\/span>\n\t\t\t\t\t\t\t\t\t\t\t\t<\/a>\n\t\t\t\t\t\t<\/div>\n\t\t\t<\/div>\n<!-- \/module buttons -->\n\t\t\t\t<\/div><!-- .tb-column-inner -->\n\t\t\t\t\t\t<\/div><!-- .module_column -->\n\t\t\t\t\t<div  data-lazy=\"1\" class=\"module_column tb-column col4-2 tb_ydzm449 last\">\n\t\t\t\t\t\t\t\t\t<div class=\"tb-column-inner tf_box tf_w\">\n\t\t\t\t<!-- module text -->\n<div  class=\"module module-text tb_0rz8454   \" data-lazy=\"1\">\n        <div  class=\"tb_text_wrap\">\n    <h3>L&rsquo;abb\u00e9 Jean Gerin<\/h3>    <\/div>\n<\/div>\n<!-- \/module text --><!-- module text -->\n<div  class=\"module module-text tb_arjy303  repeat  wow\" data-tf-animation=\"fadeInRight\" data-lazy=\"1\">\n        <div  class=\"tb_text_wrap\">\n    <p>Une biographie compl\u00e8te a \u00e9t\u00e9 r\u00e9alis\u00e9e par l&rsquo;historien Gilles-Marie Moreau (<a href=\"https:\/\/www.editions-harmattan.fr\/livre-le_bon_cure_de_grenoble_l_abbe_jean_gerin_1797_1863_gilles_marie_moreau_emmanuel_albuquerque-9782336421841-78652.html\">\u00e0 retrouver ici<\/a>). En voici un r\u00e9sum\u00e9 :<\/p>\n<p>N\u00e9 en\u00a0<strong>1797<\/strong>\u00a0aux\u00a0<strong>Roches-de-Condrieu<\/strong>,\u00a0<strong>Jean Gerin<\/strong>\u00a0devint\u00a0<strong>apprenti tailleur d\u2019habits<\/strong>\u00a0dans le quartier Saint-Jean \u00e0\u00a0<strong>Lyon<\/strong>. Il <strong>suivit <\/strong>ensuite<strong> l\u2019enseignement de l\u2019\u00e9cole presbyt\u00e9rale de l\u2019abb\u00e9 Pr\u00e9her \u00e0 V\u00e9ranne et \u00e0 Tarentaise<\/strong>\u00a0(deux villages de la Loire). Apr\u00e8s avoir fr\u00e9quent\u00e9 le\u00a0<strong>Grand S\u00e9minaire \u00e0 Grenoble<\/strong>, il re\u00e7ut l\u2019ordination sacerdotale en\u00a0<strong>1821<\/strong>\u00a0pour le dioc\u00e8se de\u00a0<strong>Grenoble<\/strong>.<\/p>\n<p>Son minist\u00e8re d\u00e9buta \u00e0\u00a0<strong>Feyzin et Saint-Symphorien-d\u2019Ozon<\/strong>\u00a0(qui se trouvaient alors en Is\u00e8re). En\u00a0<strong>1835<\/strong>, il est nomm\u00e9 <strong>cur\u00e9 de la cath\u00e9drale Notre-Dame de Grenoble.<\/strong> Il y exercera jusqu&rsquo;\u00e0 son d\u00e9c\u00e8s en<strong> 1863<\/strong>.<\/p>\n<p><strong>Enti\u00e8rement d\u00e9vou\u00e9 au service de ses paroissiens<\/strong>, il travailla sans rel\u00e2che pour <strong>all\u00e9ger leurs souffrances spirituelles et mat\u00e9rielles<\/strong>. Nombreuses de ses heures \u00e9taient pass\u00e9es \u00e0 l\u2019\u00e9glise, notamment au confessionnal. <strong>Sa profonde d\u00e9votion envers <a href=\"https:\/\/lasalette.cef.fr\/\">Notre-Dame de La Salette<\/a><\/strong> le fit conna\u00eetre davantage.<\/p>\n<p>Le reste de son temps, l&rsquo;abb\u00e9 le consacre \u00e0 visiter les pauvres et les malades. Grand pr\u00e9dicateur, il donne de nombreux enseignements.\u00a0<\/p>\n<p>Il fonda ou dirigea de nombreuses\u00a0<strong>\u0153uvres sociales.<\/strong> Il fit notamment venir \u00e0 Grenoble les <strong>J\u00e9suites<\/strong>\u00a0et les\u00a0<strong>Filles de la Charit\u00e9<\/strong>. Le \u00ab\u00a0bon cur\u00e9\u00a0\u00bb de Grenoble cr\u00e9a \u00e9galement des \u00e9coles et des ateliers pour la jeunesse. Il apporta aussi son soutien aux \u00e9tablissements scolaires des <strong>s\u0153urs de la Providence<\/strong>.<\/p>\n<p>Malgr\u00e9 une vie simple tourn\u00e9e vers la pri\u00e8re, l&rsquo;abb\u00e9 appr\u00e9cie les traits d&rsquo;humour. Il obtient obtient le titre de chevalier de la L\u00e9gion d&rsquo;honneur en 1856. Il reste tout de fois humble face \u00e0 cet honneur.<\/p>\n<p><strong>Appr\u00e9ci\u00e9 de tous pour sa charit\u00e9 ardente et sa simplicit\u00e9 chaleureuse<\/strong>, il s\u2019\u00e9teignit en odeur de saintet\u00e9.\u00a0<\/p>\n<p>Le souvenir de son rayonnement pastoral intense se perp\u00e9tue jusqu\u2019\u00e0 nos jours. Sa tombe au cimeti\u00e8re Saint-Roch (Grenoble) reste toujours abondamment fleurie, et parfois couverte d\u2019ex voto.<\/p>    <\/div>\n<\/div>\n<!-- \/module text -->\t\t\t\t<\/div><!-- .tb-column-inner -->\n\t\t\t\t\t\t<\/div><!-- .module_column -->\n\t\t\t\t\t\t<\/div><!-- .row_inner -->\n\t\t<\/div><!-- .module_row -->\n\t\t\t\t<\/div>\n<!--\/themify_builder_content-->","protected":false},"excerpt":{"rendered":"<p>Biographie<\/p>\n","protected":false},"author":1,"featured_media":0,"parent":0,"menu_order":0,"comment_status":"closed","ping_status":"closed","template":"","meta":{"footnotes":""},"class_list":["post-14","page","type-page","status-publish","hentry","has-post-title","has-post-date","has-post-category","has-post-tag","has-post-comment","has-post-author",""],"yoast_head":"<!-- This site is optimized with the Yoast SEO plugin v27.4 - https:\/\/yoast.com\/product\/yoast-seo-wordpress\/ -->\n<title>Biographie - Abb\u00e9 Gerin<\/title>\n<meta name=\"description\" content=\"Biographie - N\u00e9 en 1797 aux Roches-de-Condrieu, Jean Gerin, re\u00e7ut l\u2019ordination sacerdotale en 1821 pour le dioc\u00e8se de Grenoble.\" \/>\n<meta name=\"robots\" content=\"index, follow, max-snippet:-1, max-image-preview:large, max-video-preview:-1\" \/>\n<link rel=\"canonical\" href=\"https:\/\/www.abbe-gerin.org\/index.php\/biographie\/\" \/>\n<meta property=\"og:locale\" content=\"fr_FR\" \/>\n<meta property=\"og:type\" content=\"article\" \/>\n<meta property=\"og:title\" content=\"Biographie - Abb\u00e9 Gerin\" \/>\n<meta property=\"og:description\" content=\"Biographie - N\u00e9 en 1797 aux Roches-de-Condrieu, Jean Gerin, re\u00e7ut l\u2019ordination sacerdotale en 1821 pour le dioc\u00e8se de Grenoble.\" \/>\n<meta property=\"og:url\" content=\"https:\/\/www.abbe-gerin.org\/index.php\/biographie\/\" \/>\n<meta property=\"og:site_name\" content=\"Abb\u00e9 Gerin\" \/>\n<meta property=\"article:publisher\" content=\"https:\/\/www.facebook.com\/eglisecatho38\" \/>\n<meta property=\"article:modified_time\" content=\"2025-05-21T11:32:29+00:00\" \/>\n<meta property=\"og:image\" content=\"https:\/\/www.abbe-gerin.org\/wp-content\/uploads\/2024\/01\/Instagram-1024x1024-539x539.png\" \/>\n<meta name=\"twitter:card\" content=\"summary_large_image\" \/>\n<meta name=\"twitter:label1\" content=\"Dur\u00e9e de lecture estim\u00e9e\" \/>\n\t<meta name=\"twitter:data1\" content=\"4 minutes\" \/>\n<script type=\"application\/ld+json\" class=\"yoast-schema-graph\">{\"@context\":\"https:\\\/\\\/schema.org\",\"@graph\":[{\"@type\":\"WebPage\",\"@id\":\"https:\\\/\\\/www.abbe-gerin.org\\\/index.php\\\/biographie\\\/\",\"url\":\"https:\\\/\\\/www.abbe-gerin.org\\\/index.php\\\/biographie\\\/\",\"name\":\"Biographie - Abb\u00e9 Gerin\",\"isPartOf\":{\"@id\":\"https:\\\/\\\/www.abbe-gerin.org\\\/#website\"},\"primaryImageOfPage\":{\"@id\":\"https:\\\/\\\/www.abbe-gerin.org\\\/index.php\\\/biographie\\\/#primaryimage\"},\"image\":{\"@id\":\"https:\\\/\\\/www.abbe-gerin.org\\\/index.php\\\/biographie\\\/#primaryimage\"},\"thumbnailUrl\":\"https:\\\/\\\/www.abbe-gerin.org\\\/wp-content\\\/uploads\\\/2024\\\/01\\\/Instagram-1024x1024-539x539.png\",\"datePublished\":\"2024-01-31T09:18:23+00:00\",\"dateModified\":\"2025-05-21T11:32:29+00:00\",\"description\":\"Biographie - N\u00e9 en 1797 aux Roches-de-Condrieu, Jean Gerin, re\u00e7ut l\u2019ordination sacerdotale en 1821 pour le dioc\u00e8se de Grenoble.\",\"breadcrumb\":{\"@id\":\"https:\\\/\\\/www.abbe-gerin.org\\\/index.php\\\/biographie\\\/#breadcrumb\"},\"inLanguage\":\"fr-FR\",\"potentialAction\":[{\"@type\":\"ReadAction\",\"target\":[\"https:\\\/\\\/www.abbe-gerin.org\\\/index.php\\\/biographie\\\/\"]}]},{\"@type\":\"ImageObject\",\"inLanguage\":\"fr-FR\",\"@id\":\"https:\\\/\\\/www.abbe-gerin.org\\\/index.php\\\/biographie\\\/#primaryimage\",\"url\":\"https:\\\/\\\/www.abbe-gerin.org\\\/wp-content\\\/uploads\\\/2024\\\/01\\\/Instagram-1024x1024-539x539.png\",\"contentUrl\":\"https:\\\/\\\/www.abbe-gerin.org\\\/wp-content\\\/uploads\\\/2024\\\/01\\\/Instagram-1024x1024-539x539.png\"},{\"@type\":\"BreadcrumbList\",\"@id\":\"https:\\\/\\\/www.abbe-gerin.org\\\/index.php\\\/biographie\\\/#breadcrumb\",\"itemListElement\":[{\"@type\":\"ListItem\",\"position\":1,\"name\":\"Accueil\",\"item\":\"https:\\\/\\\/www.abbe-gerin.org\\\/\"},{\"@type\":\"ListItem\",\"position\":2,\"name\":\"Biographie\"}]},{\"@type\":\"WebSite\",\"@id\":\"https:\\\/\\\/www.abbe-gerin.org\\\/#website\",\"url\":\"https:\\\/\\\/www.abbe-gerin.org\\\/\",\"name\":\"Abb\u00e9 Gerin\",\"description\":\"Proc\u00e8s en b\u00e9atification\",\"publisher\":{\"@id\":\"https:\\\/\\\/www.abbe-gerin.org\\\/#organization\"},\"potentialAction\":[{\"@type\":\"SearchAction\",\"target\":{\"@type\":\"EntryPoint\",\"urlTemplate\":\"https:\\\/\\\/www.abbe-gerin.org\\\/?s={search_term_string}\"},\"query-input\":{\"@type\":\"PropertyValueSpecification\",\"valueRequired\":true,\"valueName\":\"search_term_string\"}}],\"inLanguage\":\"fr-FR\"},{\"@type\":\"Organization\",\"@id\":\"https:\\\/\\\/www.abbe-gerin.org\\\/#organization\",\"name\":\"Abb\u00e9 Gerin\",\"url\":\"https:\\\/\\\/www.abbe-gerin.org\\\/\",\"logo\":{\"@type\":\"ImageObject\",\"inLanguage\":\"fr-FR\",\"@id\":\"https:\\\/\\\/www.abbe-gerin.org\\\/#\\\/schema\\\/logo\\\/image\\\/\",\"url\":\"https:\\\/\\\/www.abbe-gerin.org\\\/wp-content\\\/uploads\\\/2024\\\/02\\\/Design-sans-titre-1.png\",\"contentUrl\":\"https:\\\/\\\/www.abbe-gerin.org\\\/wp-content\\\/uploads\\\/2024\\\/02\\\/Design-sans-titre-1.png\",\"width\":3150,\"height\":1350,\"caption\":\"Abb\u00e9 Gerin\"},\"image\":{\"@id\":\"https:\\\/\\\/www.abbe-gerin.org\\\/#\\\/schema\\\/logo\\\/image\\\/\"},\"sameAs\":[\"https:\\\/\\\/www.facebook.com\\\/eglisecatho38\",\"https:\\\/\\\/www.instagram.com\\\/eglisecatho38\\\/\",\"https:\\\/\\\/www.youtube.com\\\/channel\\\/UCgkdSQW08Sy6GsJtyToRtQQ\\\/videos\"]}]}<\/script>\n<!-- \/ Yoast SEO plugin. -->","yoast_head_json":{"title":"Biographie - Abb\u00e9 Gerin","description":"Biographie - N\u00e9 en 1797 aux Roches-de-Condrieu, Jean Gerin, re\u00e7ut l\u2019ordination sacerdotale en 1821 pour le dioc\u00e8se de Grenoble.","robots":{"index":"index","follow":"follow","max-snippet":"max-snippet:-1","max-image-preview":"max-image-preview:large","max-video-preview":"max-video-preview:-1"},"canonical":"https:\/\/www.abbe-gerin.org\/index.php\/biographie\/","og_locale":"fr_FR","og_type":"article","og_title":"Biographie - Abb\u00e9 Gerin","og_description":"Biographie - N\u00e9 en 1797 aux Roches-de-Condrieu, Jean Gerin, re\u00e7ut l\u2019ordination sacerdotale en 1821 pour le dioc\u00e8se de Grenoble.","og_url":"https:\/\/www.abbe-gerin.org\/index.php\/biographie\/","og_site_name":"Abb\u00e9 Gerin","article_publisher":"https:\/\/www.facebook.com\/eglisecatho38","article_modified_time":"2025-05-21T11:32:29+00:00","og_image":[{"url":"https:\/\/www.abbe-gerin.org\/wp-content\/uploads\/2024\/01\/Instagram-1024x1024-539x539.png","type":"","width":"","height":""}],"twitter_card":"summary_large_image","twitter_misc":{"Dur\u00e9e de lecture estim\u00e9e":"4 minutes"},"schema":{"@context":"https:\/\/schema.org","@graph":[{"@type":"WebPage","@id":"https:\/\/www.abbe-gerin.org\/index.php\/biographie\/","url":"https:\/\/www.abbe-gerin.org\/index.php\/biographie\/","name":"Biographie - Abb\u00e9 Gerin","isPartOf":{"@id":"https:\/\/www.abbe-gerin.org\/#website"},"primaryImageOfPage":{"@id":"https:\/\/www.abbe-gerin.org\/index.php\/biographie\/#primaryimage"},"image":{"@id":"https:\/\/www.abbe-gerin.org\/index.php\/biographie\/#primaryimage"},"thumbnailUrl":"https:\/\/www.abbe-gerin.org\/wp-content\/uploads\/2024\/01\/Instagram-1024x1024-539x539.png","datePublished":"2024-01-31T09:18:23+00:00","dateModified":"2025-05-21T11:32:29+00:00","description":"Biographie - N\u00e9 en 1797 aux Roches-de-Condrieu, Jean Gerin, re\u00e7ut l\u2019ordination sacerdotale en 1821 pour le dioc\u00e8se de Grenoble.","breadcrumb":{"@id":"https:\/\/www.abbe-gerin.org\/index.php\/biographie\/#breadcrumb"},"inLanguage":"fr-FR","potentialAction":[{"@type":"ReadAction","target":["https:\/\/www.abbe-gerin.org\/index.php\/biographie\/"]}]},{"@type":"ImageObject","inLanguage":"fr-FR","@id":"https:\/\/www.abbe-gerin.org\/index.php\/biographie\/#primaryimage","url":"https:\/\/www.abbe-gerin.org\/wp-content\/uploads\/2024\/01\/Instagram-1024x1024-539x539.png","contentUrl":"https:\/\/www.abbe-gerin.org\/wp-content\/uploads\/2024\/01\/Instagram-1024x1024-539x539.png"},{"@type":"BreadcrumbList","@id":"https:\/\/www.abbe-gerin.org\/index.php\/biographie\/#breadcrumb","itemListElement":[{"@type":"ListItem","position":1,"name":"Accueil","item":"https:\/\/www.abbe-gerin.org\/"},{"@type":"ListItem","position":2,"name":"Biographie"}]},{"@type":"WebSite","@id":"https:\/\/www.abbe-gerin.org\/#website","url":"https:\/\/www.abbe-gerin.org\/","name":"Abb\u00e9 Gerin","description":"Proc\u00e8s en b\u00e9atification","publisher":{"@id":"https:\/\/www.abbe-gerin.org\/#organization"},"potentialAction":[{"@type":"SearchAction","target":{"@type":"EntryPoint","urlTemplate":"https:\/\/www.abbe-gerin.org\/?s={search_term_string}"},"query-input":{"@type":"PropertyValueSpecification","valueRequired":true,"valueName":"search_term_string"}}],"inLanguage":"fr-FR"},{"@type":"Organization","@id":"https:\/\/www.abbe-gerin.org\/#organization","name":"Abb\u00e9 Gerin","url":"https:\/\/www.abbe-gerin.org\/","logo":{"@type":"ImageObject","inLanguage":"fr-FR","@id":"https:\/\/www.abbe-gerin.org\/#\/schema\/logo\/image\/","url":"https:\/\/www.abbe-gerin.org\/wp-content\/uploads\/2024\/02\/Design-sans-titre-1.png","contentUrl":"https:\/\/www.abbe-gerin.org\/wp-content\/uploads\/2024\/02\/Design-sans-titre-1.png","width":3150,"height":1350,"caption":"Abb\u00e9 Gerin"},"image":{"@id":"https:\/\/www.abbe-gerin.org\/#\/schema\/logo\/image\/"},"sameAs":["https:\/\/www.facebook.com\/eglisecatho38","https:\/\/www.instagram.com\/eglisecatho38\/","https:\/\/www.youtube.com\/channel\/UCgkdSQW08Sy6GsJtyToRtQQ\/videos"]}]}},"builder_content":"<h2>Biographie<\/h2>\n\n<img src=\"https:\/\/www.abbe-gerin.org\/wp-content\/uploads\/2024\/01\/Instagram-1024x1024-539x539.png\" width=\"539\" height=\"539\" title=\"Logo \u00e9pur\u00e9\" alt=\"Logo biographie abb\u00e9 Jean Gerin\" srcset=\"https:\/\/www.abbe-gerin.org\/wp-content\/uploads\/2024\/01\/Instagram-1024x1024-539x539.png 539w, https:\/\/www.abbe-gerin.org\/wp-content\/uploads\/2024\/01\/Instagram-300x300.png 300w, https:\/\/www.abbe-gerin.org\/wp-content\/uploads\/2024\/01\/Instagram-1024x1024.png 1024w, https:\/\/www.abbe-gerin.org\/wp-content\/uploads\/2024\/01\/Instagram-150x150.png 150w, https:\/\/www.abbe-gerin.org\/wp-content\/uploads\/2024\/01\/Instagram-768x768.png 768w, https:\/\/www.abbe-gerin.org\/wp-content\/uploads\/2024\/01\/Instagram-1024x1024-100x100.png 100w, https:\/\/www.abbe-gerin.org\/wp-content\/uploads\/2024\/01\/Instagram-1024x1024-200x200.png 200w, https:\/\/www.abbe-gerin.org\/wp-content\/uploads\/2024\/01\/Instagram.png 1080w\" sizes=\"(max-width: 539px) 100vw, 539px\" \/>\n<a href=\"https:\/\/www.abbe-gerin.org\/index.php\/ressources\/\" target=\"_blank\" rel=\"noopener\"> Autres ressources <\/a>\n<h3>L'abb\u00e9 Jean Gerin<\/h3>\n<p>Une biographie compl\u00e8te a \u00e9t\u00e9 r\u00e9alis\u00e9e par l'historien Gilles-Marie Moreau (<a href=\"https:\/\/www.editions-harmattan.fr\/livre-le_bon_cure_de_grenoble_l_abbe_jean_gerin_1797_1863_gilles_marie_moreau_emmanuel_albuquerque-9782336421841-78652.html\">\u00e0 retrouver ici<\/a>). En voici un r\u00e9sum\u00e9 :<\/p> <p>N\u00e9 en\u00a0<strong>1797<\/strong>\u00a0aux\u00a0<strong>Roches-de-Condrieu<\/strong>,\u00a0<strong>Jean Gerin<\/strong>\u00a0devint\u00a0<strong>apprenti tailleur d\u2019habits<\/strong>\u00a0dans le quartier Saint-Jean \u00e0\u00a0<strong>Lyon<\/strong>. Il <strong>suivit <\/strong>ensuite<strong> l\u2019enseignement de l\u2019\u00e9cole presbyt\u00e9rale de l\u2019abb\u00e9 Pr\u00e9her \u00e0 V\u00e9ranne et \u00e0 Tarentaise<\/strong>\u00a0(deux villages de la Loire). Apr\u00e8s avoir fr\u00e9quent\u00e9 le\u00a0<strong>Grand S\u00e9minaire \u00e0 Grenoble<\/strong>, il re\u00e7ut l\u2019ordination sacerdotale en\u00a0<strong>1821<\/strong>\u00a0pour le dioc\u00e8se de\u00a0<strong>Grenoble<\/strong>.<\/p> <p>Son minist\u00e8re d\u00e9buta \u00e0\u00a0<strong>Feyzin et Saint-Symphorien-d\u2019Ozon<\/strong>\u00a0(qui se trouvaient alors en Is\u00e8re). En\u00a0<strong>1835<\/strong>, il est nomm\u00e9 <strong>cur\u00e9 de la cath\u00e9drale Notre-Dame de Grenoble.<\/strong> Il y exercera jusqu'\u00e0 son d\u00e9c\u00e8s en<strong> 1863<\/strong>.<\/p> <p><strong>Enti\u00e8rement d\u00e9vou\u00e9 au service de ses paroissiens<\/strong>, il travailla sans rel\u00e2che pour <strong>all\u00e9ger leurs souffrances spirituelles et mat\u00e9rielles<\/strong>. Nombreuses de ses heures \u00e9taient pass\u00e9es \u00e0 l\u2019\u00e9glise, notamment au confessionnal. <strong>Sa profonde d\u00e9votion envers <a href=\"https:\/\/lasalette.cef.fr\/\">Notre-Dame de La Salette<\/a><\/strong> le fit conna\u00eetre davantage.<\/p> <p>Le reste de son temps, l'abb\u00e9 le consacre \u00e0 visiter les pauvres et les malades. Grand pr\u00e9dicateur, il donne de nombreux enseignements.\u00a0<\/p> <p>Il fonda ou dirigea de nombreuses\u00a0<strong>\u0153uvres sociales.<\/strong> Il fit notamment venir \u00e0 Grenoble les <strong>J\u00e9suites<\/strong>\u00a0et les\u00a0<strong>Filles de la Charit\u00e9<\/strong>. Le \"bon cur\u00e9\" de Grenoble cr\u00e9a \u00e9galement des \u00e9coles et des ateliers pour la jeunesse. Il apporta aussi son soutien aux \u00e9tablissements scolaires des <strong>s\u0153urs de la Providence<\/strong>.<\/p> <p>Malgr\u00e9 une vie simple tourn\u00e9e vers la pri\u00e8re, l'abb\u00e9 appr\u00e9cie les traits d'humour. Il obtient obtient le titre de chevalier de la L\u00e9gion d'honneur en 1856. Il reste tout de fois humble face \u00e0 cet honneur.<\/p> <p><strong>Appr\u00e9ci\u00e9 de tous pour sa charit\u00e9 ardente et sa simplicit\u00e9 chaleureuse<\/strong>, il s\u2019\u00e9teignit en odeur de saintet\u00e9.\u00a0<\/p> <p>Le souvenir de son rayonnement pastoral intense se perp\u00e9tue jusqu\u2019\u00e0 nos jours. Sa tombe au cimeti\u00e8re Saint-Roch (Grenoble) reste toujours abondamment fleurie, et parfois couverte d\u2019ex voto.<\/p>","_links":{"self":[{"href":"https:\/\/www.abbe-gerin.org\/index.php\/wp-json\/wp\/v2\/pages\/14","targetHints":{"allow":["GET"]}}],"collection":[{"href":"https:\/\/www.abbe-gerin.org\/index.php\/wp-json\/wp\/v2\/pages"}],"about":[{"href":"https:\/\/www.abbe-gerin.org\/index.php\/wp-json\/wp\/v2\/types\/page"}],"author":[{"embeddable":true,"href":"https:\/\/www.abbe-gerin.org\/index.php\/wp-json\/wp\/v2\/users\/1"}],"replies":[{"embeddable":true,"href":"https:\/\/www.abbe-gerin.org\/index.php\/wp-json\/wp\/v2\/comments?post=14"}],"version-history":[{"count":128,"href":"https:\/\/www.abbe-gerin.org\/index.php\/wp-json\/wp\/v2\/pages\/14\/revisions"}],"predecessor-version":[{"id":1045,"href":"https:\/\/www.abbe-gerin.org\/index.php\/wp-json\/wp\/v2\/pages\/14\/revisions\/1045"}],"wp:attachment":[{"href":"https:\/\/www.abbe-gerin.org\/index.php\/wp-json\/wp\/v2\/media?parent=14"}],"curies":[{"name":"wp","href":"https:\/\/api.w.org\/{rel}","templated":true}]}}